{"id":6054,"date":"2023-02-14T13:13:39","date_gmt":"2023-02-14T13:13:39","guid":{"rendered":"https:\/\/cavomaris.com\/?page_id=6054"},"modified":"2024-05-07T13:02:03","modified_gmt":"2024-05-07T13:02:03","slug":"news","status":"publish","type":"page","link":"https:\/\/cavomaris.com\/der\/news\/","title":{"rendered":"Nachricht"},"content":{"rendered":"<div data-elementor-type=\"wp-page\" data-elementor-id=\"6054\" class=\"elementor elementor-6054\" data-elementor-post-type=\"page\">\n\t\t\t\t\t\t<section class=\"elementor-section elementor-top-section elementor-element elementor-element-a15c4f8 elementor-section-full_width elementor-section-height-min-height elementor-section-height-default elementor-section-items-middle\" data-id=\"a15c4f8\" data-element_type=\"section\" data-e-type=\"section\" data-settings=\"{&quot;background_background&quot;:&quot;classic&quot;}\">\n\t\t\t\t\t\t\t<div class=\"elementor-background-overlay\"><\/div>\n\t\t\t\t\t\t\t<div class=\"elementor-container elementor-column-gap-default\">\n\t\t\t\t\t<div class=\"elementor-column elementor-col-50 elementor-top-column elementor-element elementor-element-8bfd9ab elementor-invisible\" data-id=\"8bfd9ab\" data-element_type=\"column\" data-e-type=\"column\" data-settings=\"{&quot;animation&quot;:&quot;fadeInLeft&quot;}\">\n\t\t\t<div class=\"elementor-widget-wrap elementor-element-populated\">\n\t\t\t\t\t\t<div class=\"elementor-element elementor-element-f19b645 elementor-widget elementor-widget-heading\" data-id=\"f19b645\" data-element_type=\"widget\" data-e-type=\"widget\" data-widget_type=\"heading.default\">\n\t\t\t\t<div class=\"elementor-widget-container\">\n\t\t\t\t\t<h3 class=\"elementor-heading-title elementor-size-default\">Bleiben Sie auf dem Laufenden<\/h3>\t\t\t\t<\/div>\n\t\t\t\t<\/div>\n\t\t\t\t<div class=\"elementor-element elementor-element-ae0ccda elementor-widget elementor-widget-heading\" data-id=\"ae0ccda\" data-element_type=\"widget\" data-e-type=\"widget\" data-widget_type=\"heading.default\">\n\t\t\t\t<div class=\"elementor-widget-container\">\n\t\t\t\t\t<h1 class=\"elementor-heading-title elementor-size-default\">Nachricht<br>&amp; Aktualisierung<\/h1>\t\t\t\t<\/div>\n\t\t\t\t<\/div>\n\t\t\t\t\t<\/div>\n\t\t<\/div>\n\t\t\t\t<div class=\"elementor-column elementor-col-50 elementor-top-column elementor-element elementor-element-7a2dd54\" data-id=\"7a2dd54\" data-element_type=\"column\" data-e-type=\"column\">\n\t\t\t<div class=\"elementor-widget-wrap\">\n\t\t\t\t\t\t\t<\/div>\n\t\t<\/div>\n\t\t\t\t\t<\/div>\n\t\t<\/section>\n\t\t\t\t<section class=\"elementor-section elementor-top-section elementor-element elementor-element-1c042ed elementor-section-boxed elementor-section-height-default elementor-section-height-default\" data-id=\"1c042ed\" data-element_type=\"section\" data-e-type=\"section\">\n\t\t\t\t\t\t<div class=\"elementor-container elementor-column-gap-default\">\n\t\t\t\t\t<div class=\"elementor-column elementor-col-100 elementor-top-column elementor-element elementor-element-0a07e09\" data-id=\"0a07e09\" data-element_type=\"column\" data-e-type=\"column\">\n\t\t\t<div class=\"elementor-widget-wrap elementor-element-populated\">\n\t\t\t\t\t\t<div class=\"elementor-element elementor-element-a68e2df elementor-grid-3 elementor-grid-tablet-2 elementor-grid-mobile-1 elementor-posts--thumbnail-top load-more-align-center elementor-widget elementor-widget-posts\" data-id=\"a68e2df\" data-element_type=\"widget\" data-e-type=\"widget\" data-settings=\"{&quot;pagination_type&quot;:&quot;load_more_on_click&quot;,&quot;classic_columns&quot;:&quot;3&quot;,&quot;classic_columns_tablet&quot;:&quot;2&quot;,&quot;classic_columns_mobile&quot;:&quot;1&quot;,&quot;classic_row_gap&quot;:{&quot;unit&quot;:&quot;px&quot;,&quot;size&quot;:35,&quot;sizes&quot;:[]},&quot;classic_row_gap_tablet&quot;:{&quot;unit&quot;:&quot;px&quot;,&quot;size&quot;:&quot;&quot;,&quot;sizes&quot;:[]},&quot;classic_row_gap_mobile&quot;:{&quot;unit&quot;:&quot;px&quot;,&quot;size&quot;:&quot;&quot;,&quot;sizes&quot;:[]},&quot;load_more_spinner&quot;:{&quot;value&quot;:&quot;fas fa-spinner&quot;,&quot;library&quot;:&quot;fa-solid&quot;}}\" data-widget_type=\"posts.classic\">\n\t\t\t\t<div class=\"elementor-widget-container\">\n\t\t\t\t\t\t\t<div class=\"elementor-posts-container elementor-posts elementor-posts--skin-classic elementor-grid\" role=\"list\">\n\t\t\t\t<article class=\"elementor-post elementor-grid-item post-7863 post type-post status-publish format-standard has-post-thumbnail hentry category-uncategorized\" role=\"listitem\">\n\t\t\t\t<a class=\"elementor-post__thumbnail__link\" href=\"https:\/\/cavomaris.com\/der\/cavo-maris-beach-hotel-career-days\/\" tabindex=\"-1\" >\n\t\t\t<div class=\"elementor-post__thumbnail\"><img fetchpriority=\"high\" decoding=\"async\" width=\"1024\" height=\"683\" src=\"https:\/\/cavomaris.com\/wp-content\/uploads\/2024\/01\/Cavo-Maris-Careers-Days.png\" class=\"attachment-full size-full wp-image-7864\" alt=\"\" srcset=\"https:\/\/cavomaris.com\/wp-content\/uploads\/2024\/01\/Cavo-Maris-Careers-Days.png 1024w, https:\/\/cavomaris.com\/wp-content\/uploads\/2024\/01\/Cavo-Maris-Careers-Days-768x512.png 768w, https:\/\/cavomaris.com\/wp-content\/uploads\/2024\/01\/Cavo-Maris-Careers-Days-18x12.png 18w\" sizes=\"(max-width: 1024px) 100vw, 1024px\" \/><\/div>\n\t\t<\/a>\n\t\t\t\t<div class=\"elementor-post__text\">\n\t\t\t\t<h3 class=\"elementor-post__title\">\n\t\t\t<a href=\"https:\/\/cavomaris.com\/der\/cavo-maris-beach-hotel-career-days\/\" >\n\t\t\t\tKarrieretage im Cavo Maris Beach Hotel\t\t\t<\/a>\n\t\t<\/h3>\n\t\t\t\t<div class=\"elementor-post__meta-data\">\n\t\t\t\t\t<span class=\"elementor-post-date\">\n\t\t\tDezember 8, 2025\t\t<\/span>\n\t\t\t\t<\/div>\n\t\t\t\t<div class=\"elementor-post__excerpt\">\n\t\t\t<p>Cavo Maris Beach Hotel in Protaras, Cyprus, is actively seeking talented and passionate professionals to join our team! The hotel is hosting Hotel Career Days on <\/p>\t\t<\/div>\n\t\t\t\t\t<div class=\"elementor-post__read-more-wrapper\">\n\t\t\n\t\t<a class=\"elementor-post__read-more\" href=\"https:\/\/cavomaris.com\/der\/cavo-maris-beach-hotel-career-days\/\" aria-label=\"Mehr \u00fcber Cavo Maris Beach Hotel Career Days\" tabindex=\"-1\" >\n\t\t\tMehr lesen \u00bb\t\t<\/a>\n\n\t\t\t\t\t<\/div>\n\t\t\t\t<\/div>\n\t\t\t\t<\/article>\n\t\t\t\t<article class=\"elementor-post elementor-grid-item post-7949 post type-post status-publish format-standard has-post-thumbnail hentry category-uncategorized\" role=\"listitem\">\n\t\t\t\t<a class=\"elementor-post__thumbnail__link\" href=\"https:\/\/cavomaris.com\/der\/cavo-maris-re-opening-27th-of-april\/\" tabindex=\"-1\" >\n\t\t\t<div class=\"elementor-post__thumbnail\"><img decoding=\"async\" width=\"2560\" height=\"1705\" src=\"https:\/\/cavomaris.com\/wp-content\/uploads\/2023\/11\/Superior-1-scaled.jpg\" class=\"attachment-full size-full wp-image-7659\" alt=\"\" srcset=\"https:\/\/cavomaris.com\/wp-content\/uploads\/2023\/11\/Superior-1-scaled.jpg 2560w, https:\/\/cavomaris.com\/wp-content\/uploads\/2023\/11\/Superior-1-1024x682.jpg 1024w, https:\/\/cavomaris.com\/wp-content\/uploads\/2023\/11\/Superior-1-768x512.jpg 768w, https:\/\/cavomaris.com\/wp-content\/uploads\/2023\/11\/Superior-1-1536x1023.jpg 1536w, https:\/\/cavomaris.com\/wp-content\/uploads\/2023\/11\/Superior-1-2048x1364.jpg 2048w\" sizes=\"(max-width: 2560px) 100vw, 2560px\" \/><\/div>\n\t\t<\/a>\n\t\t\t\t<div class=\"elementor-post__text\">\n\t\t\t\t<h3 class=\"elementor-post__title\">\n\t\t\t<a href=\"https:\/\/cavomaris.com\/der\/cavo-maris-re-opening-27th-of-april\/\" >\n\t\t\t\tCavo Maris wird am 27. April wiederer\u00f6ffnet\t\t\t<\/a>\n\t\t<\/h3>\n\t\t\t\t<div class=\"elementor-post__meta-data\">\n\t\t\t\t\t<span class=\"elementor-post-date\">\n\t\t\tM\u00e4rz 27, 2024\t\t<\/span>\n\t\t\t\t<\/div>\n\t\t\t\t<div class=\"elementor-post__excerpt\">\n\t\t\t<p>Das Cavo Maris Beach Hotel wird am 27. April 2024 mit neuer Eleganz wiederer\u00f6ffnet. Treten Sie ein in eine Welt voller Opulenz, denn jedes unserer Zimmer wurde sorgf\u00e4ltig renoviert\t\t<\/div>\n\t\t\t\t\t<div class=\"elementor-post__read-more-wrapper\">\n\t\t\n\t\t<a class=\"elementor-post__read-more\" href=\"https:\/\/cavomaris.com\/der\/cavo-maris-re-opening-27th-of-april\/\" aria-label=\"Mehr \u00fcber Cavo Maris Re-Opening 27th of April\" tabindex=\"-1\" >\n\t\t\tMehr lesen \u00bb\t\t<\/a>\n\n\t\t\t\t\t<\/div>\n\t\t\t\t<\/div>\n\t\t\t\t<\/article>\n\t\t\t\t<article class=\"elementor-post elementor-grid-item post-7056 post type-post status-publish format-standard has-post-thumbnail hentry category-uncategorized\" role=\"listitem\">\n\t\t\t\t<a class=\"elementor-post__thumbnail__link\" href=\"https:\/\/cavomaris.com\/der\/international-historic-car-rally-2023\/\" tabindex=\"-1\" >\n\t\t\t<div class=\"elementor-post__thumbnail\"><img decoding=\"async\" width=\"1024\" height=\"683\" src=\"https:\/\/cavomaris.com\/wp-content\/uploads\/2023\/04\/Vintage-Cars-Cyprus.jpg\" class=\"attachment-full size-full wp-image-7059\" alt=\"\" srcset=\"https:\/\/cavomaris.com\/wp-content\/uploads\/2023\/04\/Vintage-Cars-Cyprus.jpg 1024w, https:\/\/cavomaris.com\/wp-content\/uploads\/2023\/04\/Vintage-Cars-Cyprus-768x512.jpg 768w\" sizes=\"(max-width: 1024px) 100vw, 1024px\" \/><\/div>\n\t\t<\/a>\n\t\t\t\t<div class=\"elementor-post__text\">\n\t\t\t\t<h3 class=\"elementor-post__title\">\n\t\t\t<a href=\"https:\/\/cavomaris.com\/der\/international-historic-car-rally-2023\/\" >\n\t\t\t\tInternationale historische Auto-Rallye 2023\t\t\t<\/a>\n\t\t<\/h3>\n\t\t\t\t<div class=\"elementor-post__meta-data\">\n\t\t\t\t\t<span class=\"elementor-post-date\">\n\t\t\tApril 21, 2023\t\t<\/span>\n\t\t\t\t<\/div>\n\t\t\t\t<div class=\"elementor-post__excerpt\">\n\t\t\t<p>Internationale historische Auto-Rallye 2023 Internationale historische Auto-Rallye 2023 Cavo Maris freut sich darauf, vom 13.-14. Mai 2023 die Internationale historische Auto-Rallye auszurichten, die vom Antique Car Club of Cyprus<\/p>\t\t<\/div>\n\t\t\t\t\t<div class=\"elementor-post__read-more-wrapper\">\n\t\t\n\t\t<a class=\"elementor-post__read-more\" href=\"https:\/\/cavomaris.com\/der\/international-historic-car-rally-2023\/\" aria-label=\"Mehr \u00fcber International Historic Car Rally 2023\" tabindex=\"-1\" >\n\t\t\tMehr lesen \u00bb\t\t<\/a>\n\n\t\t\t\t\t<\/div>\n\t\t\t\t<\/div>\n\t\t\t\t<\/article>\n\t\t\t\t<article class=\"elementor-post elementor-grid-item post-6291 post type-post status-publish format-standard has-post-thumbnail hentry category-uncategorized\" role=\"listitem\">\n\t\t\t\t<a class=\"elementor-post__thumbnail__link\" href=\"https:\/\/cavomaris.com\/der\/cavo-maris-re-opening-1st-of-april\/\" tabindex=\"-1\" >\n\t\t\t<div class=\"elementor-post__thumbnail\"><img loading=\"lazy\" decoding=\"async\" width=\"2560\" height=\"1312\" src=\"https:\/\/cavomaris.com\/wp-content\/uploads\/2022\/03\/Cavo-Maris-Beach-Hotel-Protaras-scaled-e1648067698391.jpg\" class=\"attachment-full size-full wp-image-3300\" alt=\"\" srcset=\"https:\/\/cavomaris.com\/wp-content\/uploads\/2022\/03\/Cavo-Maris-Beach-Hotel-Protaras-scaled-e1648067698391.jpg 2560w, https:\/\/cavomaris.com\/wp-content\/uploads\/2022\/03\/Cavo-Maris-Beach-Hotel-Protaras-scaled-e1648067698391-300x154.jpg 300w, https:\/\/cavomaris.com\/wp-content\/uploads\/2022\/03\/Cavo-Maris-Beach-Hotel-Protaras-scaled-e1648067698391-1024x525.jpg 1024w, https:\/\/cavomaris.com\/wp-content\/uploads\/2022\/03\/Cavo-Maris-Beach-Hotel-Protaras-scaled-e1648067698391-768x394.jpg 768w, https:\/\/cavomaris.com\/wp-content\/uploads\/2022\/03\/Cavo-Maris-Beach-Hotel-Protaras-scaled-e1648067698391-1536x787.jpg 1536w, https:\/\/cavomaris.com\/wp-content\/uploads\/2022\/03\/Cavo-Maris-Beach-Hotel-Protaras-scaled-e1648067698391-2048x1050.jpg 2048w\" sizes=\"(max-width: 2560px) 100vw, 2560px\" \/><\/div>\n\t\t<\/a>\n\t\t\t\t<div class=\"elementor-post__text\">\n\t\t\t\t<h3 class=\"elementor-post__title\">\n\t\t\t<a href=\"https:\/\/cavomaris.com\/der\/cavo-maris-re-opening-1st-of-april\/\" >\n\t\t\t\tCavo Maris Wiederer\u00f6ffnung am 1. April\t\t\t<\/a>\n\t\t<\/h3>\n\t\t\t\t<div class=\"elementor-post__meta-data\">\n\t\t\t\t\t<span class=\"elementor-post-date\">\n\t\t\tFebruar 20, 2023\t\t<\/span>\n\t\t\t\t<\/div>\n\t\t\t\t<div class=\"elementor-post__excerpt\">\n\t\t\t<p>Das Cavo Maris Beach Hotel in Protaras, Zypern, freut sich, seine Wiederer\u00f6ffnung am 01.04.2023 nach einer Winterpause bekannt zu geben.<\/p>\t\t<\/div>\n\t\t\t\t\t<div class=\"elementor-post__read-more-wrapper\">\n\t\t\n\t\t<a class=\"elementor-post__read-more\" href=\"https:\/\/cavomaris.com\/der\/cavo-maris-re-opening-1st-of-april\/\" aria-label=\"Mehr \u00fcber Cavo Maris Re-Opening 1st of April\" tabindex=\"-1\" >\n\t\t\tMehr lesen \u00bb\t\t<\/a>\n\n\t\t\t\t\t<\/div>\n\t\t\t\t<\/div>\n\t\t\t\t<\/article>\n\t\t\t\t<article class=\"elementor-post elementor-grid-item post-6274 post type-post status-publish format-standard has-post-thumbnail hentry category-uncategorized\" role=\"listitem\">\n\t\t\t\t<a class=\"elementor-post__thumbnail__link\" href=\"https:\/\/cavomaris.com\/der\/top-5-places-to-visit-in-protaras\/\" tabindex=\"-1\" >\n\t\t\t<div class=\"elementor-post__thumbnail\"><img loading=\"lazy\" decoding=\"async\" width=\"1024\" height=\"683\" src=\"https:\/\/cavomaris.com\/wp-content\/uploads\/2022\/01\/Fig-Tree-Bay.jpg\" class=\"attachment-full size-full wp-image-1264\" alt=\"\" srcset=\"https:\/\/cavomaris.com\/wp-content\/uploads\/2022\/01\/Fig-Tree-Bay.jpg 1024w, https:\/\/cavomaris.com\/wp-content\/uploads\/2022\/01\/Fig-Tree-Bay-300x200.jpg 300w, https:\/\/cavomaris.com\/wp-content\/uploads\/2022\/01\/Fig-Tree-Bay-768x512.jpg 768w\" sizes=\"(max-width: 1024px) 100vw, 1024px\" \/><\/div>\n\t\t<\/a>\n\t\t\t\t<div class=\"elementor-post__text\">\n\t\t\t\t<h3 class=\"elementor-post__title\">\n\t\t\t<a href=\"https:\/\/cavomaris.com\/der\/top-5-places-to-visit-in-protaras\/\" >\n\t\t\t\tTop 5 Orte, die man in Protaras besuchen sollte\u200b\t\t\t<\/a>\n\t\t<\/h3>\n\t\t\t\t<div class=\"elementor-post__meta-data\">\n\t\t\t\t\t<span class=\"elementor-post-date\">\n\t\t\tFebruar 15, 2023\t\t<\/span>\n\t\t\t\t<\/div>\n\t\t\t\t<div class=\"elementor-post__excerpt\">\n\t\t\t<p>Protaras ist eine sch\u00f6ne Ferienstadt an der Ostk\u00fcste von Zypern. Mit ihrem kristallklaren Wasser, ihren Sandstr\u00e4nden und ihrem warmen Klima ist es kein Wunder, dass Protaras ein beliebtes Reiseziel f\u00fcr Touristen ist. In diesem Artikel werden wir die f\u00fcnf besten Orte in Protaras erkunden.\t\t<\/div>\n\t\t\t\t\t<div class=\"elementor-post__read-more-wrapper\">\n\t\t\n\t\t<a class=\"elementor-post__read-more\" href=\"https:\/\/cavomaris.com\/der\/top-5-places-to-visit-in-protaras\/\" aria-label=\"Mehr \u00fcber Top 5 Places to Visit in Protaras\" tabindex=\"-1\" >\n\t\t\tMehr lesen \u00bb\t\t<\/a>\n\n\t\t\t\t\t<\/div>\n\t\t\t\t<\/div>\n\t\t\t\t<\/article>\n\t\t\t\t<article class=\"elementor-post elementor-grid-item post-6069 post type-post status-publish format-standard has-post-thumbnail hentry category-uncategorized\" role=\"listitem\">\n\t\t\t\t<a class=\"elementor-post__thumbnail__link\" href=\"https:\/\/cavomaris.com\/der\/abalone\/\" tabindex=\"-1\" >\n\t\t\t<div class=\"elementor-post__thumbnail\"><img loading=\"lazy\" decoding=\"async\" width=\"1024\" height=\"683\" src=\"https:\/\/cavomaris.com\/wp-content\/uploads\/2023\/02\/Italian-Restaurant-Protaras.jpg\" class=\"attachment-full size-full wp-image-6038\" alt=\"\" srcset=\"https:\/\/cavomaris.com\/wp-content\/uploads\/2023\/02\/Italian-Restaurant-Protaras.jpg 1024w, https:\/\/cavomaris.com\/wp-content\/uploads\/2023\/02\/Italian-Restaurant-Protaras-300x200.jpg 300w, https:\/\/cavomaris.com\/wp-content\/uploads\/2023\/02\/Italian-Restaurant-Protaras-768x512.jpg 768w\" sizes=\"(max-width: 1024px) 100vw, 1024px\" \/><\/div>\n\t\t<\/a>\n\t\t\t\t<div class=\"elementor-post__text\">\n\t\t\t\t<h3 class=\"elementor-post__title\">\n\t\t\t<a href=\"https:\/\/cavomaris.com\/der\/abalone\/\" >\n\t\t\t\tNeues italienisches Restaurant in Protaras\u200b\t\t\t<\/a>\n\t\t<\/h3>\n\t\t\t\t<div class=\"elementor-post__meta-data\">\n\t\t\t\t\t<span class=\"elementor-post-date\">\n\t\t\tFebruar 15, 2023\t\t<\/span>\n\t\t\t\t<\/div>\n\t\t\t\t<div class=\"elementor-post__excerpt\">\n\t\t\t<p>Aufregende Neuigkeiten f\u00fcr Feinschmecker in Zypern und Essensbegeisterte, die Protaras besuchen! Im sch\u00f6nen Cavo Maris Beach Hotel wird dieses Fr\u00fchjahr ein neues italienisches Restaurant namens Abalone er\u00f6ffnen und verspricht, authentische italienische K\u00fcche im Herzen von Protaras zu servieren.<\/p>\t\t<\/div>\n\t\t\t\t\t<div class=\"elementor-post__read-more-wrapper\">\n\t\t\n\t\t<a class=\"elementor-post__read-more\" href=\"https:\/\/cavomaris.com\/der\/abalone\/\" aria-label=\"Mehr \u00fcber New Italian Restaurant in Protaras\" tabindex=\"-1\" >\n\t\t\tMehr lesen \u00bb\t\t<\/a>\n\n\t\t\t\t\t<\/div>\n\t\t\t\t<\/div>\n\t\t\t\t<\/article>\n\t\t\t\t<\/div>\n\t\t\t\t\t<span class=\"e-load-more-spinner\">\n\t\t\t\t<i aria-hidden=\"true\" class=\"fas fa-spinner\"><\/i>\t\t\t<\/span>\n\t\t\n\t\t\t\t\t\t<\/div>\n\t\t\t\t<\/div>\n\t\t\t\t\t<\/div>\n\t\t<\/div>\n\t\t\t\t\t<\/div>\n\t\t<\/section>\n\t\t\t\t<\/div>","protected":false},"excerpt":{"rendered":"<p>Stay updated News&amp; Updates<\/p>","protected":false},"author":1,"featured_media":0,"parent":0,"menu_order":0,"comment_status":"closed","ping_status":"closed","template":"","meta":{"footnotes":""},"class_list":["post-6054","page","type-page","status-publish","hentry"],"aioseo_notices":[],"_links":{"self":[{"href":"https:\/\/cavomaris.com\/der\/wp-json\/wp\/v2\/pages\/6054","targetHints":{"allow":["GET"]}}],"collection":[{"href":"https:\/\/cavomaris.com\/der\/wp-json\/wp\/v2\/pages"}],"about":[{"href":"https:\/\/cavomaris.com\/der\/wp-json\/wp\/v2\/types\/page"}],"author":[{"embeddable":true,"href":"https:\/\/cavomaris.com\/der\/wp-json\/wp\/v2\/users\/1"}],"replies":[{"embeddable":true,"href":"https:\/\/cavomaris.com\/der\/wp-json\/wp\/v2\/comments?post=6054"}],"version-history":[{"count":100,"href":"https:\/\/cavomaris.com\/der\/wp-json\/wp\/v2\/pages\/6054\/revisions"}],"predecessor-version":[{"id":7962,"href":"https:\/\/cavomaris.com\/der\/wp-json\/wp\/v2\/pages\/6054\/revisions\/7962"}],"wp:attachment":[{"href":"https:\/\/cavomaris.com\/der\/wp-json\/wp\/v2\/media?parent=6054"}],"curies":[{"name":"wp","href":"https:\/\/api.w.org\/{rel}","templated":true}]}}