{"id":3610,"date":"2022-03-30T11:23:14","date_gmt":"2022-03-30T11:23:14","guid":{"rendered":"https:\/\/cavo-maris.travelbook-tech.com\/?page_id=3610"},"modified":"2025-04-07T13:46:00","modified_gmt":"2025-04-07T13:46:00","slug":"loyalty-programme","status":"publish","type":"page","link":"https:\/\/cavomaris.com\/der\/loyalty-programme\/","title":{"rendered":"Treueprogramm"},"content":{"rendered":"<div data-elementor-type=\"wp-page\" data-elementor-id=\"3610\" class=\"elementor elementor-3610\" data-elementor-post-type=\"page\">\n\t\t\t\t\t\t<section class=\"elementor-section elementor-top-section elementor-element elementor-element-5128bb3 elementor-section-height-min-height elementor-section-boxed elementor-section-height-default elementor-section-items-middle\" data-id=\"5128bb3\" data-element_type=\"section\" data-e-type=\"section\" data-settings=\"{&quot;background_background&quot;:&quot;classic&quot;}\">\n\t\t\t\t\t\t\t<div class=\"elementor-background-overlay\"><\/div>\n\t\t\t\t\t\t\t<div class=\"elementor-container elementor-column-gap-default\">\n\t\t\t\t\t<div class=\"elementor-column elementor-col-100 elementor-top-column elementor-element elementor-element-e25caa9\" data-id=\"e25caa9\" data-element_type=\"column\" data-e-type=\"column\">\n\t\t\t<div class=\"elementor-widget-wrap\">\n\t\t\t\t\t\t\t<\/div>\n\t\t<\/div>\n\t\t\t\t\t<\/div>\n\t\t<\/section>\n\t\t\t\t<section class=\"elementor-section elementor-top-section elementor-element elementor-element-af2515f elementor-section-boxed elementor-section-height-default elementor-section-height-default\" data-id=\"af2515f\" data-element_type=\"section\" data-e-type=\"section\" data-settings=\"{&quot;animation&quot;:&quot;none&quot;}\">\n\t\t\t\t\t\t<div class=\"elementor-container elementor-column-gap-default\">\n\t\t\t\t\t<div class=\"elementor-column elementor-col-100 elementor-top-column elementor-element elementor-element-f9c7154\" data-id=\"f9c7154\" data-element_type=\"column\" data-e-type=\"column\">\n\t\t\t<div class=\"elementor-widget-wrap elementor-element-populated\">\n\t\t\t\t\t\t<div class=\"elementor-element elementor-element-0f1ddcb elementor-widget elementor-widget-heading\" data-id=\"0f1ddcb\" data-element_type=\"widget\" data-e-type=\"widget\" data-widget_type=\"heading.default\">\n\t\t\t\t<div class=\"elementor-widget-container\">\n\t\t\t\t\t<h2 class=\"elementor-heading-title elementor-size-default\">BELOHNT WERDEN<\/h2>\t\t\t\t<\/div>\n\t\t\t\t<\/div>\n\t\t\t\t<div class=\"elementor-element elementor-element-889cd6f elementor-widget elementor-widget-ucaddon_blox_line_diamond_seperator\" data-id=\"889cd6f\" data-element_type=\"widget\" data-e-type=\"widget\" data-widget_type=\"ucaddon_blox_line_diamond_seperator.default\">\n\t\t\t\t<div class=\"elementor-widget-container\">\n\t\t\t\t\t\n<!-- start Line Diamond Separator -->\n<style>\/* widget: Line Diamond Separator *\/\n\ndiv.sep_diamond {\ncontent: \"\";\nheight: 10px;\nleft: 50%;\nmargin: -5px auto auto -5px;\nposition: absolute;\ntransform: rotate(-45deg);\nwidth: 10px;\n}\ndiv.separator {\nborder-top:1px solid;\nclear: both;\ndisplay:inline-block;\nposition:relative;\n}\n\n<\/style>\n\n<div style=\"text-align:center;\">\n <div class=\"separator\" style=\"border-color:#C19437;width:100px;\">\n  <div class=\"sep_diamond\" style=\"background-color:#C19437;\"><\/div>\n <\/div>\n<\/div>\n<!-- end Line Diamond Separator -->\t\t\t\t<\/div>\n\t\t\t\t<\/div>\n\t\t\t\t<div class=\"elementor-element elementor-element-120a6b2 elementor-widget elementor-widget-text-editor\" data-id=\"120a6b2\" data-element_type=\"widget\" data-e-type=\"widget\" data-widget_type=\"text-editor.default\">\n\t\t\t\t<div class=\"elementor-widget-container\">\n\t\t\t\t\t\t\t\t\t<div><div><div><div><div><div><h5><strong>Treueprogramm<\/strong><\/h5><\/div><\/div><\/div><\/div><\/div><\/div><div><div><div><div><div><div><p>Im Cavo Maris Beach Hotel sch\u00e4tzen und respektieren wir unsere G\u00e4ste sehr. Wir empfangen Jeden auf die gleiche gastfreundliche und nette Art und Weise. Nat\u00fcrlich sch\u00e4tzen wir diejenigen unserer G\u00e4ste ganz besonders, die sich immer wieder jedes Jahr aufs Neue f\u00fcr uns entscheiden. Ihr Vertrauen in unser Hotel ist f\u00fcr uns die h\u00f6chste Motivation, unsere Arbeit in gleichbleibender Qualit\u00e4t fortzusetzen und unsere hohen Standards beizubehalten und noch zu verbessern. Zum Ausdruck unserer Dankbarkeit f\u00fcr Ihr Vertrauen und als Zeichen unserer Anerkennung bieten wir Ihnen bei jedem erneuten Besuch etwas Besonderes, auf das Sie sich jedes Mal freuen k\u00f6nnen, wenn Sie unserem Hotel erneut die Ehre erweisen.<\/p><p>In Wertsch\u00e4tzung Ihrer wiederholten Besuche im Cavo Maris Beach Hotel (jeweils mindestens 7 Tage) haben wir ein Programm mit speziellen Angeboten zusammengestellt, die Sie bei jedem erneuten Aufenthalt bei uns genie\u00dfen k\u00f6nnen.<\/p><p><b>Silver Class Mitgliedschaft:<\/b>\u00a0 Als Anerkennung f\u00fcr Ihren 2. Aufenthalt<\/p><ul><li>Eine Flasche Sekt und traditionelles s\u00fc\u00dfes Loukoumi bei der Ankunft<\/li><li>Kuscheltier (f\u00fcr Kinder unter 4 Jahren) bei Anreise im Zimmer<\/li><\/ul><p><b>\u00a0<\/b><\/p><p><b>Gold Class Mitgliedschaft:<\/b>\u00a0 Als Anerkennung f\u00fcr Ihren 3., 4., 5. oder 6. Aufenthalt<\/p><ul><li>Eine Flasche Sekt und traditionelles s\u00fc\u00dfes Loukoumi bei der Ankunft.<\/li><li>Kuscheltier (f\u00fcr Kinder unter 4 Jahren) bei Anreise im Zimmer<\/li><li>Einladung zu unserem Weekly Repeaters Special Meze Dinner in der H Taverna (wetterabh\u00e4ngig)<\/li><li>Ein n\u00fctzliches Geschenk\/Souvenir, das w\u00e4hrend des Meze-Dinners pr\u00e4sentiert wird.<\/li><li>5 % Rabatt auf Ihre Unterkunftsrechnung zu Bedingungen f\u00fcr Buchungen, die direkt (nicht \u00fcber Reise oder Internetanbieter) beim Hotel get\u00e4tigt werden (einschlie\u00dflich \u00fcber unsere Website) <b>direkt <\/b>(Not through Tour or Internet Operator) with Hotel (including via our website)<\/li><li>5% discount on upgrade of terms of stay made directly with the Hotel<\/li><\/ul><p><b>\u00a0<\/b><\/p><p><b>Diamond Class Mitgliedschaft:<\/b>\u00a0 Als Anerkennung f\u00fcr Ihren 7., 8., 9. oder 10. Aufenthalt<\/p><ul><li>Eine Flasche Sekt und traditionelles s\u00fc\u00dfes Loukoumi bei der Ankunft.<\/li><li>Kuscheltier (f\u00fcr Kinder unter 4 Jahren) bei Anreise im Zimmer<\/li><li>Einladung zu unserem Weekly Repeaters Special Meze Dinner in der H Taverna (wetterabh\u00e4ngig)<\/li><li>Ein n\u00fctzliches Geschenk\/Souvenir, das w\u00e4hrend des Meze-Dinners pr\u00e4sentiert wird.<\/li><li>10 % Rabatt auf Ihre Unterkunftsrechnung zu Bedingungen f\u00fcr Buchungen, die direkt (nicht \u00fcber Reise oder Internetanbieter) beim Hotel get\u00e4tigt werden (einschlie\u00dflich \u00fcber unsere Website)\u00a0<b>direkt<\/b>.<b>\u00a0<\/b>(Not through Tour or Internet Operator) with Hotel (including via our website)<\/li><li>10% discount on upgrade of terms of stay made directly with the Hotel<\/li><\/ul><p><b>\u00a0<\/b><\/p><p><b>Platinum Class Mitgliedschaft<\/b>Als Anerkennung f\u00fcr Ihren 11. Aufenthalt und danach<\/p><ul><li><u><\/u>Eine Flasche Sekt und traditionelles s\u00fc\u00dfes Loukoumi bei der Ankunft.<\/li><li>Kuscheltier (f\u00fcr Kinder unter 4 Jahren) bei Anreise im Zimmer<\/li><li>Einladung zu unserem Weekly Repeaters Special Meze Dinner in der H Taverna (wetterabh\u00e4ngig)<\/li><li>Ein n\u00fctzliches Geschenk\/Souvenir, das w\u00e4hrend des Meze-Dinners pr\u00e4sentiert wird.<\/li><li>15 % Rabatt auf Ihre Unterkunftsrechnung zu Bedingungen f\u00fcr Buchungen, die direkt (nicht \u00fcber Reise oder Internetanbieter) beim Hotel get\u00e4tigt werden (einschlie\u00dflich \u00fcber unsere Website)\u00a0<b>direkt <\/b>(Not through Tour or Internet Operator) with Hotel (including via our website).<\/li><li>15% discount on upgrade of terms of stay made directly with the Hotel<\/li><li class=\"translation-block\">Beim 11. \u2013 22. \u2013 33. Besuch erhalten Wiederholungst\u00e4ter als Anerkennung f\u00fcr ihren 12. \u2013 23. \u2013 34. Besuch einen kostenlosen Wochengutschein zum Eintauschen im April, Mai, Oktober des folgenden Jahres<\/li><\/ul><\/div><\/div><\/div><\/div><\/div><\/div><div><div><div><div><div><div><h3>\u00a0<\/h3><h5><strong>Bonus Punkte f\u00fcr Alle Programm<\/strong><\/h5><\/div><\/div><\/div><\/div><\/div><\/div><div><div><div><div><div><div><p>In Anerkennung der Treue, die Sie zu unserem Hotel halten, legen wir mit unserem neuen Vorteilsprogramm \u2018Bonuspunkte f\u00fcr alle\u2019 noch eins drauf! Bei jedem Besuch im Cavo Maris Beach Hotel oder bei jeder erfolgreichen Empfehlung, die Sie an Freunde und Familie aussprechen, k\u00f6nnen Sie Bonuspunkte sammeln, die dann f\u00fcr Upgrades eingel\u00f6st werden k\u00f6nnen, Ihnen welche einen Mehrwert bieten. F\u00fcr jede \u00dcbernachtung im Cavo Maris Beach Hotel erhalten Sie 10 Bonuspunkte. Wenn Sie gen\u00fcgend Punkte gesammelt haben, k\u00f6nnen Sie auf ein Hotelzimmer mit h\u00f6herwertigem Blick.<\/p><ul><li>F\u00fcr jeweils 50 gesammelte Punkte erhalten Sie ein Upgrade der Zimmerkategorie f\u00fcr 1 \u00dcbernachtung von einem Zimmer mit Inlandblick auf ein Zimmer mit seitlichem Meerblick oder von einem Zimmer mit seitlichem Meerblick auf ein Zimmer mit Meerblick.<\/li><li>F\u00fcr jeweils 100 gesammelte Punkte erhalten Sie ein Upgrade der Zimmerkategorie f\u00fcr 1 \u00dcbernachtung von einem Zimmer mit Inlandblick auf ein Zimmer mit Meerblick.<\/li><li>F\u00fcr je 300 gesammelte Punkte erhalten Sie ein Upgrade der Zimmerkategorie f\u00fcr 1 \u00dcbernachtung von einem Zimmer mit seitlichem Meerblick auf ein Familienzimmer mit seitlichem Meerblick oder von einem Zimmer mit Meerblick auf ein Familienzimmer mit Meerblick.<\/li><li>F\u00fcr je 500 Punkte ein Upgrade der Zimmerkategorie f\u00fcr 1 \u00dcbernachtung von Zimmer mit Meerblick auf Elite-Suite mit Meerblick.<\/li><\/ul><\/div><\/div><\/div><\/div><\/div><\/div><div>\u00a0<\/div><div>\u00a0<\/div>\t\t\t\t\t\t\t\t<\/div>\n\t\t\t\t<\/div>\n\t\t\t\t\t<\/div>\n\t\t<\/div>\n\t\t\t\t\t<\/div>\n\t\t<\/section>\n\t\t\t\t<\/div>","protected":false},"excerpt":{"rendered":"<p>BE REWARDED Loyalty Programme At the Cavo Maris Beach Hotel, we truly value and highly respect our guests. We certainly treat them all with the same friendly and hospitable manner. Of course we greatly appreciate those of our guests that choose to return to us again and again. Their repeated visits are for us the [&hellip;]<\/p>\n","protected":false},"author":1,"featured_media":0,"parent":0,"menu_order":0,"comment_status":"closed","ping_status":"closed","template":"","meta":{"footnotes":""},"class_list":["post-3610","page","type-page","status-publish","hentry"],"aioseo_notices":[],"_links":{"self":[{"href":"https:\/\/cavomaris.com\/der\/wp-json\/wp\/v2\/pages\/3610","targetHints":{"allow":["GET"]}}],"collection":[{"href":"https:\/\/cavomaris.com\/der\/wp-json\/wp\/v2\/pages"}],"about":[{"href":"https:\/\/cavomaris.com\/der\/wp-json\/wp\/v2\/types\/page"}],"author":[{"embeddable":true,"href":"https:\/\/cavomaris.com\/der\/wp-json\/wp\/v2\/users\/1"}],"replies":[{"embeddable":true,"href":"https:\/\/cavomaris.com\/der\/wp-json\/wp\/v2\/comments?post=3610"}],"version-history":[{"count":37,"href":"https:\/\/cavomaris.com\/der\/wp-json\/wp\/v2\/pages\/3610\/revisions"}],"predecessor-version":[{"id":8897,"href":"https:\/\/cavomaris.com\/der\/wp-json\/wp\/v2\/pages\/3610\/revisions\/8897"}],"wp:attachment":[{"href":"https:\/\/cavomaris.com\/der\/wp-json\/wp\/v2\/media?parent=3610"}],"curies":[{"name":"wp","href":"https:\/\/api.w.org\/{rel}","templated":true}]}}