{"id":2947,"date":"2022-03-12T23:19:32","date_gmt":"2022-03-12T23:19:32","guid":{"rendered":"https:\/\/cavo-maris.travelbook-tech.com\/?page_id=2947"},"modified":"2025-06-05T12:23:14","modified_gmt":"2025-06-05T12:23:14","slug":"terms-conditions","status":"publish","type":"page","link":"https:\/\/cavomaris.com\/der\/terms-conditions\/","title":{"rendered":"Terms &#038; Conditions"},"content":{"rendered":"<div data-elementor-type=\"wp-page\" data-elementor-id=\"2947\" class=\"elementor elementor-2947\" data-elementor-post-type=\"page\">\n\t\t\t\t\t\t<section class=\"elementor-section elementor-top-section elementor-element elementor-element-f371e5b elementor-section-height-min-height elementor-section-boxed elementor-section-height-default elementor-section-items-middle\" data-id=\"f371e5b\" data-element_type=\"section\" data-e-type=\"section\" data-settings=\"{&quot;background_background&quot;:&quot;classic&quot;}\">\n\t\t\t\t\t\t\t<div class=\"elementor-background-overlay\"><\/div>\n\t\t\t\t\t\t\t<div class=\"elementor-container elementor-column-gap-default\">\n\t\t\t\t\t<div class=\"elementor-column elementor-col-100 elementor-top-column elementor-element elementor-element-885e17c\" data-id=\"885e17c\" data-element_type=\"column\" data-e-type=\"column\">\n\t\t\t<div class=\"elementor-widget-wrap\">\n\t\t\t\t\t\t\t<\/div>\n\t\t<\/div>\n\t\t\t\t\t<\/div>\n\t\t<\/section>\n\t\t\t\t<section class=\"elementor-section elementor-top-section elementor-element elementor-element-b02a3c7 elementor-section-boxed elementor-section-height-default elementor-section-height-default\" data-id=\"b02a3c7\" data-element_type=\"section\" data-e-type=\"section\" data-settings=\"{&quot;animation&quot;:&quot;none&quot;}\">\n\t\t\t\t\t\t<div class=\"elementor-container elementor-column-gap-default\">\n\t\t\t\t\t<div class=\"elementor-column elementor-col-100 elementor-top-column elementor-element elementor-element-bc6fb81\" data-id=\"bc6fb81\" data-element_type=\"column\" data-e-type=\"column\">\n\t\t\t<div class=\"elementor-widget-wrap elementor-element-populated\">\n\t\t\t\t\t\t<div class=\"elementor-element elementor-element-ea12dfc elementor-widget elementor-widget-heading\" data-id=\"ea12dfc\" data-element_type=\"widget\" data-e-type=\"widget\" data-widget_type=\"heading.default\">\n\t\t\t\t<div class=\"elementor-widget-container\">\n\t\t\t\t\t<h2 class=\"elementor-heading-title elementor-size-default\">GESCH\u00c4FTSBEDINGUNGEN<\/h2>\t\t\t\t<\/div>\n\t\t\t\t<\/div>\n\t\t\t\t<div class=\"elementor-element elementor-element-45463a2 elementor-widget elementor-widget-ucaddon_blox_line_diamond_seperator\" data-id=\"45463a2\" data-element_type=\"widget\" data-e-type=\"widget\" data-widget_type=\"ucaddon_blox_line_diamond_seperator.default\">\n\t\t\t\t<div class=\"elementor-widget-container\">\n\t\t\t\t\t\n<!-- start Line Diamond Separator -->\n<style>\/* widget: Line Diamond Separator *\/\n\ndiv.sep_diamond {\ncontent: \"\";\nheight: 10px;\nleft: 50%;\nmargin: -5px auto auto -5px;\nposition: absolute;\ntransform: rotate(-45deg);\nwidth: 10px;\n}\ndiv.separator {\nborder-top:1px solid;\nclear: both;\ndisplay:inline-block;\nposition:relative;\n}\n\n<\/style>\n\n<div style=\"text-align:center;\">\n <div class=\"separator\" style=\"border-color:#C19437;width:100px;\">\n  <div class=\"sep_diamond\" style=\"background-color:#C19437;\"><\/div>\n <\/div>\n<\/div>\n<!-- end Line Diamond Separator -->\t\t\t\t<\/div>\n\t\t\t\t<\/div>\n\t\t\t\t<div class=\"elementor-element elementor-element-b2124a3 elementor-widget elementor-widget-text-editor\" data-id=\"b2124a3\" data-element_type=\"widget\" data-e-type=\"widget\" data-widget_type=\"text-editor.default\">\n\t\t\t\t<div class=\"elementor-widget-container\">\n\t\t\t\t\t\t\t\t\t<p>Bitte lesen Sie die folgenden Allgemeinen Gesch\u00e4ftsbedingungen sorgf\u00e4ltig durch, bevor Sie eine Reservierung bei uns vornehmen. Wenn Sie eine Reservierung vornehmen, bedeutet dies, dass Sie die Allgemeinen Gesch\u00e4ftsbedingungen verstanden, akzeptiert und akzeptiert haben.<\/p><p>\u2022 Die Preise sind in Euro pro Zimmer und Nacht angegeben und beinhalten alle anfallenden Geb\u00fchren.<br \/>\u2022 Die angegebenen Preise beinhalten keine Rabatte, die gem\u00e4\u00df unserem Treueprogramm \u201eHappy Repeaters\u201c gew\u00e4hrt werden.<\/p><p>Alle Vorteile (d. h. Angebote, Rabatte, eingel\u00f6ste Punkte), die im Rahmen der oben genannten Regelungen berechtigt sind, werden selbstverst\u00e4ndlich bei der Abrechnung mit dem Hotel angeboten und berechnet, sofern in den Bedingungen eines Sonderangebots nichts anderes angegeben ist.<\/p><p>\u2022 Die Check-in-Zeit ist 14:00 Uhr. \u2013 Die Check-out-Zeit ist 12:00 Uhr.<\/p><p>-Bitte beachten Sie, dass eine Anzahlung erforderlich ist, damit die Reservierung in unseren Systemen gesichert wird. Die Anzahlung richtet sich nach der Dauer der Reservierung wie folgt:<\/p><p>\u2022 a) Bei einer Buchung von 1 oder 2 \u00dcbernachtungen ist eine Anzahlung von 100 % (also die volle Anzahlung) zu leisten.<\/p><p>\u2022 b) Bei einer Buchung ab 3 \u00dcbernachtungen werden 2 volle \u00dcbernachtungen als Anzahlung verrechnet. Der Restbetrag der Unterkunft wird beim Check-in im Hotel bezahlt.<\/p><p>Das Hotel beh\u00e4lt sich das Recht vor, die Zimmerpreise jederzeit zu \u00e4ndern. Zu bestimmten Zeiten kann es sein, dass das Hotel die Preise erh\u00f6hen oder senken muss (z. B. aufgrund eines Sonderangebots). In diesem Fall sind alle bereits get\u00e4tigten Reservierungen mit den vereinbarten Preisen garantiert. G\u00e4sten, die ihre Reservierung bereits bearbeitet haben, werden keine zus\u00e4tzlichen Kosten berechnet (falls die Preise steigen) oder sie werden entsch\u00e4digt und etwaige Differenzen erstattet (falls die Preise niedriger werden). Eine Stornierung der urspr\u00fcnglichen Buchung und deren Ersetzung durch eine neue wird nur zu den Tarifen der urspr\u00fcnglichen Buchung akzeptiert, d. h. die neuen erh\u00f6hten oder erm\u00e4\u00dfigten Tarife gelten nicht. Unsere hochtechnologischen Systeme k\u00f6nnen diese F\u00e4lle erkennen und entsprechend handeln!<\/p><p>Reservierungen sind personenbezogen und nicht \u00fcbertragbar. Namens\u00e4nderungen bei Reservierungen k\u00f6nnen weder vor noch bei der Ankunft akzeptiert werden. In diesem Fall beh\u00e4lt sich das Hotel das Recht vor, das Unterkunftsangebot abzulehnen.<\/p><p>Sollte es notwendig sein, Ihre Reisepl\u00e4ne zu \u00e4ndern, beachten Sie bitte Folgendes:<\/p><p>1. Eine Stornierungsgeb\u00fchr wird nicht erhoben, wenn die Reservierung mehr als 7 Tage vor der voraussichtlichen Ankunft storniert wird. In diesem Fall wird die bereits geleistete Anzahlung vollst\u00e4ndig zur\u00fcckerstattet.<\/p><p>2. Wenn die Reservierung innerhalb von 2-7 Tagen vor Anreise storniert wird:<\/p><p>a) Bei Buchungen mit einer Dauer von 1 oder 2 N\u00e4chten werden 100 % des Gesamtpreises der Buchung berechnet.<\/p><p>b) Bei Buchungen ab einer Dauer von 3 N\u00e4chten werden 2 volle \u00dcbernachtungen berechnet.<\/p><p>3. F\u00fcr Reservierungen oder einen Teil davon, die weniger als 24 Stunden vor der erwarteten Ankunft oder bei \u201eNichterscheinen\u201c oder nach Ihrer Ankunft im Hotel storniert werden, wird der volle Betrag der gebuchten Unterkunft berechnet.<\/p><p>4. Unsere R\u00fcckerstattungsrichtlinie lautet wie folgt:<\/p><p>Wenn eine Buchung bis zu 8 Tage vor Anreise storniert wird, erstatten wir die geleistete Anzahlung auf die Kreditkarte zur\u00fcck, mit der die Transaktion get\u00e4tigt wurde.<\/p>\t\t\t\t\t\t\t\t<\/div>\n\t\t\t\t<\/div>\n\t\t\t\t\t<\/div>\n\t\t<\/div>\n\t\t\t\t\t<\/div>\n\t\t<\/section>\n\t\t\t\t<\/div>","protected":false},"excerpt":{"rendered":"<p>TERMS AND CONDITIONS Please review carefully the following Terms and Conditions before making a reservation with us. On making a reservation it means that you understood, agreed and accepted the Terms and Conditions. \u2022 Rates are quoted in Euros, per room, per night and include all applicable charges.\u2022 Rates quoted do not include any discounts [&hellip;]<\/p>\n","protected":false},"author":1,"featured_media":0,"parent":0,"menu_order":0,"comment_status":"closed","ping_status":"closed","template":"","meta":{"footnotes":""},"class_list":["post-2947","page","type-page","status-publish","hentry"],"aioseo_notices":[],"_links":{"self":[{"href":"https:\/\/cavomaris.com\/der\/wp-json\/wp\/v2\/pages\/2947","targetHints":{"allow":["GET"]}}],"collection":[{"href":"https:\/\/cavomaris.com\/der\/wp-json\/wp\/v2\/pages"}],"about":[{"href":"https:\/\/cavomaris.com\/der\/wp-json\/wp\/v2\/types\/page"}],"author":[{"embeddable":true,"href":"https:\/\/cavomaris.com\/der\/wp-json\/wp\/v2\/users\/1"}],"replies":[{"embeddable":true,"href":"https:\/\/cavomaris.com\/der\/wp-json\/wp\/v2\/comments?post=2947"}],"version-history":[{"count":9,"href":"https:\/\/cavomaris.com\/der\/wp-json\/wp\/v2\/pages\/2947\/revisions"}],"predecessor-version":[{"id":9288,"href":"https:\/\/cavomaris.com\/der\/wp-json\/wp\/v2\/pages\/2947\/revisions\/9288"}],"wp:attachment":[{"href":"https:\/\/cavomaris.com\/der\/wp-json\/wp\/v2\/media?parent=2947"}],"curies":[{"name":"wp","href":"https:\/\/api.w.org\/{rel}","templated":true}]}}