{"id":2925,"date":"2022-03-12T23:14:42","date_gmt":"2022-03-12T23:14:42","guid":{"rendered":"https:\/\/cavo-maris.travelbook-tech.com\/?page_id=2925"},"modified":"2025-06-05T12:22:35","modified_gmt":"2025-06-05T12:22:35","slug":"cookie-policy","status":"publish","type":"page","link":"https:\/\/cavomaris.com\/der\/cookie-policy\/","title":{"rendered":"Cookie-Richtlinie"},"content":{"rendered":"<div data-elementor-type=\"wp-page\" data-elementor-id=\"2925\" class=\"elementor elementor-2925\" data-elementor-post-type=\"page\">\n\t\t\t\t\t\t<section class=\"elementor-section elementor-top-section elementor-element elementor-element-88c419d elementor-section-height-min-height elementor-section-boxed elementor-section-height-default elementor-section-items-middle\" data-id=\"88c419d\" data-element_type=\"section\" data-e-type=\"section\" data-settings=\"{&quot;background_background&quot;:&quot;classic&quot;}\">\n\t\t\t\t\t\t\t<div class=\"elementor-background-overlay\"><\/div>\n\t\t\t\t\t\t\t<div class=\"elementor-container elementor-column-gap-default\">\n\t\t\t\t\t<div class=\"elementor-column elementor-col-100 elementor-top-column elementor-element elementor-element-25fd845\" data-id=\"25fd845\" data-element_type=\"column\" data-e-type=\"column\">\n\t\t\t<div class=\"elementor-widget-wrap\">\n\t\t\t\t\t\t\t<\/div>\n\t\t<\/div>\n\t\t\t\t\t<\/div>\n\t\t<\/section>\n\t\t\t\t<section class=\"elementor-section elementor-top-section elementor-element elementor-element-f39f9a3 elementor-section-boxed elementor-section-height-default elementor-section-height-default\" data-id=\"f39f9a3\" data-element_type=\"section\" data-e-type=\"section\" data-settings=\"{&quot;animation&quot;:&quot;none&quot;}\">\n\t\t\t\t\t\t<div class=\"elementor-container elementor-column-gap-default\">\n\t\t\t\t\t<div class=\"elementor-column elementor-col-100 elementor-top-column elementor-element elementor-element-6d2aa0a\" data-id=\"6d2aa0a\" data-element_type=\"column\" data-e-type=\"column\">\n\t\t\t<div class=\"elementor-widget-wrap elementor-element-populated\">\n\t\t\t\t\t\t<div class=\"elementor-element elementor-element-93a01a1 elementor-widget elementor-widget-heading\" data-id=\"93a01a1\" data-element_type=\"widget\" data-e-type=\"widget\" data-widget_type=\"heading.default\">\n\t\t\t\t<div class=\"elementor-widget-container\">\n\t\t\t\t\t<h2 class=\"elementor-heading-title elementor-size-default\">COOKIE POLICY<\/h2>\t\t\t\t<\/div>\n\t\t\t\t<\/div>\n\t\t\t\t<div class=\"elementor-element elementor-element-5c44094 elementor-widget elementor-widget-ucaddon_blox_line_diamond_seperator\" data-id=\"5c44094\" data-element_type=\"widget\" data-e-type=\"widget\" data-widget_type=\"ucaddon_blox_line_diamond_seperator.default\">\n\t\t\t\t<div class=\"elementor-widget-container\">\n\t\t\t\t\t\n<!-- start Line Diamond Separator -->\n<style>\/* widget: Line Diamond Separator *\/\n\ndiv.sep_diamond {\ncontent: \"\";\nheight: 10px;\nleft: 50%;\nmargin: -5px auto auto -5px;\nposition: absolute;\ntransform: rotate(-45deg);\nwidth: 10px;\n}\ndiv.separator {\nborder-top:1px solid;\nclear: both;\ndisplay:inline-block;\nposition:relative;\n}\n\n<\/style>\n\n<div style=\"text-align:center;\">\n <div class=\"separator\" style=\"border-color:#C19437;width:100px;\">\n  <div class=\"sep_diamond\" style=\"background-color:#C19437;\"><\/div>\n <\/div>\n<\/div>\n<!-- end Line Diamond Separator -->\t\t\t\t<\/div>\n\t\t\t\t<\/div>\n\t\t\t\t<div class=\"elementor-element elementor-element-1f9a28e elementor-widget elementor-widget-text-editor\" data-id=\"1f9a28e\" data-element_type=\"widget\" data-e-type=\"widget\" data-widget_type=\"text-editor.default\">\n\t\t\t\t<div class=\"elementor-widget-container\">\n\t\t\t\t\t\t\t\t\t<p><strong>Cookie-Richtlinie<\/strong>\u00a0<em>Letzte \u00c4nderung am 02\/2019<\/em><\/p><p>Wir sammeln und verwenden Cookies auf allen Websites des Unternehmens (\"der Dienst\"). Unsere Website verwendet Cookies, um Sie von anderen Benutzern unserer Website zu unterscheiden. Dies hilft uns, Ihnen beim Surfen auf unserer Website eine gute Erfahrung zu bieten, und erm\u00f6glicht uns auch, unsere Website zu verbessern. Indem Sie klicken, um unsere Cookie-Richtlinie zu akzeptieren und den Dienst weiterhin zu nutzen, stimmen Sie der Verwendung von Cookies zu.<br \/>Unsere Cookie-Richtlinie erkl\u00e4rt, was Cookies sind, wie wir Cookies verwenden, wie Dritte, mit denen wir m\u00f6glicherweise zusammenarbeiten, Cookies auf dem Dienst verwenden und Ihre Wahlm\u00f6glichkeiten in Bezug auf Cookies.<\/p><p>Weitere Informationen dar\u00fcber, was, wie und f\u00fcr welche Zwecke wir Ihre personenbezogenen Daten verwenden und verarbeiten, und Ihr Recht auf Zugang zu Ihren verarbeiteten personenbezogenen Daten finden Sie in unserer Datenschutzrichtlinie.<\/p><p>Sie k\u00f6nnen Ihre Auswahl jederzeit \u00e4ndern, indem Sie Ihre Browsereinstellungen \u00e4ndern. Wenn Sie von uns verwendete Cookies deaktivieren, kann dies Ihre Benutzererfahrung beeintr\u00e4chtigen. Weitere Einzelheiten zum Deaktivieren oder Aktivieren von Cookies in Ihrem Browser sind unten aufgef\u00fchrt.<\/p><p><strong>Was sind Cookies<\/strong><\/p><p>Cookies sind kleine Textteile, die von Ihrem Webbrowser von einer von Ihnen besuchten Website gesendet werden. Eine Cookie-Datei wird in Ihrem Webbrowser gespeichert und erm\u00f6glicht es uns oder einem Drittanbieter, Sie wiederzuerkennen und Ihren n\u00e4chsten Besuch einfacher und den Service f\u00fcr Sie n\u00fctzlicher zu gestalten.<\/p><p><strong>Wie wir Cookies verwenden<\/strong><\/p><p>Wir verwenden Cookies, um unsere Produkte und Dienstleistungen bereitzustellen, zu sch\u00fctzen und zu verbessern, z. B. um Inhalte zu personalisieren, Werbung anzubieten und zu messen, das Benutzerverhalten zu verstehen und ein sichereres Erlebnis zu bieten. Im Folgenden beschreiben wir die verschiedenen Arten von Cookies, die wir verwenden, und die Zwecke, die sie erf\u00fcllen. Bitte beachten Sie, dass die spezifischen Cookies, die wir verwenden, je nach den von Ihnen verwendeten Websites und Diensten variieren k\u00f6nnen.<\/p><p>Die zwei wichtigsten Arten, wie wir Werbe- und Targeting-Cookies verwenden, sind unten aufgef\u00fchrt:<br \/>Bei interessenbasierter Werbung (oder Online-Verhaltenswerbung) werden Cookies von unseren Drittanbieter-Werbepartnern auf Ihrem Ger\u00e4t platziert, die sich an Ihre Webbrowsing-Aktivit\u00e4ten erinnern und Ihre Interessen gruppieren, um Ihnen zielgerichtete Werbung bereitzustellen, die f\u00fcr Sie relevanter ist wenn Sie unsere Websites besuchen. Ihre vorherige Webbrowsing-Aktivit\u00e4t kann auch verwendet werden, um auf Dinge \u00fcber Sie zu schlie\u00dfen, wie z. B. Ihre demografischen Daten (Alter, Geschlecht usw.). Diese Informationen k\u00f6nnen auch verwendet werden, um die Werbung auf unseren Websites f\u00fcr Sie relevanter zu machen.<br \/>\u201eRetargeting\u201c ist eine Form der interessenbezogenen Werbung, die es unseren externen Werbepartnern erm\u00f6glicht, Ihnen Werbung anzuzeigen, die basierend auf Ihrer Online-Browsing-Aktivit\u00e4t au\u00dferhalb der Website ausgew\u00e4hlt wurde. Auf diese Weise k\u00f6nnen Unternehmen bei Personen werben, die ihre Website zuvor besucht haben. Diese Cookies werden normalerweise von externen Werbepartnern auf Ihrem Ger\u00e4t platziert, und wir haben die wichtigsten, mit denen wir zusammenarbeiten, wie folgt aufgelistet: Google AdWords | Bing | Facebook |Yandex |VKontakte | HotJar | Optimiert.<br \/>Ohne diese Cookies sind Online-Werbungen, auf die Sie sto\u00dfen, weniger relevant f\u00fcr Sie und Ihre Interessen.<br \/>Zus\u00e4tzlich zu unseren eigenen Cookies k\u00f6nnen wir auch verschiedene Cookies von Drittanbietern verwenden, um Nutzungsstatistiken des Dienstes zu melden.<\/p><p><strong>Arten von Cookies<\/strong><\/p><p><strong>Wesentliche oder erforderliche Cookies:<\/strong><\/p><p>Essentielle oder erforderliche Cookies: Diese Cookies sind unerl\u00e4sslich, um Ihnen unsere Websites und Dienste bereitzustellen und grundlegende Funktionen wie die Bereitstellung eines Warenkorbs oder Produktanwendungsfunktionen zu erm\u00f6glichen. Wenn Sie diese Cookies deaktivieren, k\u00f6nnen wir Ihre Anfragen nicht erf\u00fcllen.<\/p><p><strong>Leistungs und Funktions Cookies:<\/strong><\/p><p>Diese Cookies sammeln Informationen dar\u00fcber, wie Sie unsere Websites und Dienste verwenden, und erm\u00f6glichen es uns, sich an die Entscheidungen zu erinnern, die Sie beim Surfen treffen. Die Informationen, die diese Cookies sammeln, erm\u00f6glichen es uns, unsere Websites zu optimieren und deren Nutzung zu erleichtern, und erkennen Sie nicht pers\u00f6nlich. Wenn Sie diese Cookies deaktivieren oder ablehnen, k\u00f6nnen Sie m\u00f6glicherweise bestimmte Funktionen unserer Websites, Anwendungen und Dienste nicht nutzen und k\u00f6nnen Ihre Unterst\u00fctzung oder Informationen einschr\u00e4nken.<\/p><p><strong>Analyse und Anpassungs Cookies:<\/strong><\/p><p>Diese Cookies sammeln die von uns verwendeten Informationen in einem umfassenden Format, damit wir besser verstehen k\u00f6nnen, wie unsere Websites, Apps und Dienste verwendet werden, wie effektiv unsere Marketingkampagnen sind und wie sie dabei helfen, unsere Websites anzupassen. Wenn Sie diese Cookies deaktivieren oder ablehnen, k\u00f6nnen Sie m\u00f6glicherweise bestimmte Funktionen unserer Websites, Anwendungen und Dienste nicht nutzen und k\u00f6nnen Ihre Unterst\u00fctzung oder Informationen einschr\u00e4nken.<\/p><p><strong>Werbe-Cookies:<\/strong><\/p><p>Diese Cookies sammeln Informationen \u00fcber Ihren Browserverlauf oder Ihre Kaufhistorie und werden verwendet, um Ihre Werbebotschaften f\u00fcr Sie relevanter zu machen. Sie f\u00fchren Aufgaben aus, wie z. B. zu verhindern, dass dieselbe Anzeige wiederholt angezeigt wird, sicherzustellen, dass Anzeigen ordnungsgem\u00e4\u00df angezeigt werden, und in einigen F\u00e4llen Anzeigen basierend auf Ihren Interessen auszuw\u00e4hlen. Wir k\u00f6nnen diese Informationen an Dritte weitergeben, um Werbung zu erstellen und bereitzustellen, die auf Sie und Ihre Interessen zugeschnitten ist. Wenn Sie diese Cookies deaktivieren oder ablehnen, k\u00f6nnen Sie m\u00f6glicherweise bestimmte Funktionen unserer Websites, Anwendungen und Dienste nicht nutzen und k\u00f6nnen Ihre Unterst\u00fctzung oder Informationen einschr\u00e4nken.<\/p><p><strong>Cookies f\u00fcr soziale Netzwerke:<\/strong><\/p><p>Diese Cookies werden verwendet, um Seiten und Inhalte auf unseren Websites und Diensten \u00fcber soziale Netzwerke von Drittanbietern und anderen Websites zu teilen. Diese Cookies k\u00f6nnen auch f\u00fcr Werbezwecke verwendet werden.<\/p><p><strong>Von Dritten platzierte Cookies<\/strong><\/p><p>Sie k\u00f6nnen auch auf unseren Websites, Apps und Diensten von Drittanbietern auf Cookies sto\u00dfen. Wir k\u00f6nnen Dritten auch gestatten, Cookies auf unseren Websites zu platzieren, um Informationen \u00fcber Ihre Online-Aktivit\u00e4ten und\/oder Websites oder Online-Dienste von Drittanbietern zu verfolgen, einschlie\u00dflich des Versendens von Anzeigen, die auf diese Informationen ausgerichtet sind, was das Remarketing unserer Produkte und Dienstleistungen umfassen kann Sie auf unseren Websites und auf Websites Dritter gesehen haben.<\/p><p>Diese Cookie-Richtlinie gilt nicht f\u00fcr Cookies, Anwendungen, Technologien oder Websites, die Dritten geh\u00f6ren und\/oder von Dritten betrieben werden, oder f\u00fcr die Praktiken dieser Dritten, selbst wenn sie unsere Technologie zum Speichern oder Sammeln von Informationen verwenden oder Zugriff darauf haben. Um zu verstehen, wie Drittanbieter Cookies verwenden, lesen Sie bitte die Datenschutzrichtlinien und Cookies von Drittanbietern.<\/p><p><strong>Welche M\u00f6glichkeiten haben Sie in Bezug auf Cookies?<\/strong><\/p><p>Wenn Sie nicht m\u00f6chten, dass Informationen durch die Verwendung von Cookies gesammelt werden, gibt es in den meisten Browsern ein einfaches Verfahren, mit dem Sie Cookies automatisch ablehnen oder die M\u00f6glichkeit haben, die \u00dcbertragung eines bestimmten Cookies (oder mehrerer Cookies) auf Ihren Computer abzulehnen oder zu akzeptieren. von einer bestimmten Website. Wenn Sie Cookies l\u00f6schen oder Ihren Webbrowser anweisen m\u00f6chten, Cookies zu l\u00f6schen oder abzulehnen, besuchen Sie bitte die Hilfeseiten Ihres Webbrowsers. Nachfolgend sind einige Browserbeispiele aufgef\u00fchrt.<\/p><p>Wenn Sie Ihre Cookies verwalten m\u00f6chten, greifen Sie bitte \u00fcber die folgenden Links auf Ihre Abonnement\/Pr\u00e4ferenzeinstellungen zu und verwalten Sie diese.<br \/>Google Analytics:\u00a0<a href=\"https:\/\/web.archive.org\/web\/20210413231506\/https:\/\/tools.google.com\/dlpage\/gaoptout?hl=en\">https:\/\/tools.google.com\/dlpage\/gaoptout?hl=en<\/a><br \/>Google Adwords:\u00a0<a href=\"https:\/\/web.archive.org\/web\/20210413231506\/https:\/\/support.google.com\/ads\/answer\/7395996\">https:\/\/support.google.com\/ads\/answer\/7395996<\/a><br \/>Facebook:\u00a0<a href=\"https:\/\/web.archive.org\/web\/20210413231506\/https:\/\/www.facebook.com\/ads\/preferences\/?entry_product=ad_settings_screen\">https:\/\/www.facebook.com\/ads\/preferences\/?entry_product=ad_settings_screen<\/a><\/p><p>Bitte beachten Sie jedoch, dass Sie Ihre Einstellungen m\u00f6glicherweise nicht speichern k\u00f6nnen, wenn Sie Cookies l\u00f6schen oder deren Annahme verweigern.<\/p><ul><li><a href=\"https:\/\/web.archive.org\/web\/20210413231506\/https:\/\/support.microsoft.com\/kb\/278835\">Internet Explorer<\/a><\/li><li><a href=\"https:\/\/web.archive.org\/web\/20210413231506\/https:\/\/support.google.com\/chrome\/bin\/answer.py?hl=en-GB&amp;answer=95647\">Chrome<\/a><\/li><li><a href=\"https:\/\/web.archive.org\/web\/20210413231506\/https:\/\/support.apple.com\/kb\/PH5042\">Safari<\/a>(or\u00a0<a href=\"https:\/\/web.archive.org\/web\/20210413231506\/https:\/\/support.apple.com\/kb\/HT1677\">click here\u00a0for mobile versions<\/a>)<\/li><li><a href=\"https:\/\/web.archive.org\/web\/20210413231506\/https:\/\/support.mozilla.org\/en-US\/kb\/Enabling%20and%20disabling%20cookies\">Firefox<\/a><\/li><li><a href=\"https:\/\/web.archive.org\/web\/20210413231506\/https:\/\/docs.blackberry.com\/en\/smartphone_users\/deliverables\/32004\/Turn_off_cookies_in_the_browser_60_1072866_11.jsp\">Blackberries<\/a><\/li><li><a href=\"https:\/\/web.archive.org\/web\/20210413231506\/https:\/\/support.google.com\/mobile\/bin\/answer.py?hl=en&amp;answer=169022\">Android<\/a><\/li><li><a href=\"https:\/\/web.archive.org\/web\/20210413231506\/https:\/\/www.opera.com\/browser\/tutorials\/security\/privacy\/\">Opera<\/a><\/li><\/ul><p>Falls die oben genannten Links aus Gr\u00fcnden, die wir nicht verwalten, nicht funktionieren, besuchen Sie bitte Ihre Browsereinstellungen, um Ihre Einstellungen anzupassen. Die folgenden Richtlinien k\u00f6nnten Ihnen beispielsweise helfen.<\/p><p><strong>Microsoft Edge \u2013 Windows 10<\/strong><br \/>Klicken Sie in Edge auf die Schaltfl\u00e4che mit den drei Punkten\/Linien in der oberen rechten Ecke und w\u00e4hlen Sie dann 'Einstellungen' und 'Erweiterte Einstellungen anzeigen'. Im Abschnitt Cookies k\u00f6nnen Sie ausw\u00e4hlen, ob Sie Cookies aus verschiedenen Quellen zulassen oder blockieren m\u00f6chten.<\/p><p><strong>Google Chrome<\/strong><br \/>Klicken Sie auf die Men\u00fcschaltfl\u00e4che 'Parallelbalken', w\u00e4hlen Sie die Option 'Einstellungen', scrollen Sie nach unten und klicken Sie auf den Link 'Erweitert'. Alternativ w\u00e4hlen Sie f\u00fcr \u00e4ltere Versionen von Chrome 'Optionen' im Men\u00fc 'Anpassen und steuern' und \u00f6ffnen Sie dann die Registerkarte 'Unter der Motorhaube'. Klicken Sie im Abschnitt 'Datenschutz und Sicherheit' auf die Schaltfl\u00e4che 'Inhaltseinstellungen\u2026' und dann auf die Option 'Cookies'. Legen Sie das erforderliche Cookie-Verhalten fest \u2013 f\u00fcgen Sie URLs zu den Abschnitten 'Blockieren', 'Beim Beenden l\u00f6schen' und 'Zulassen' hinzu, um das Cookie-Verhalten f\u00fcr bestimmte Websites zu konfigurieren.<\/p><p><strong>Microsoft Internet Explorer 8.0 \u2013 11.0<\/strong><br \/>W\u00e4hlen Sie den Men\u00fcpunkt 'Extras-&gt;Internetoptionen' und \u00f6ffnen Sie dann die Registerkarte 'Datenschutz' \u2013 Sie k\u00f6nnen dann den Schieberegler anpassen, um verschiedene Kategorien von Cookies zu blockieren oder zuzulassen. Alternativ k\u00f6nnen Sie durch Klicken auf 'Erweitert\u2026' eine feinere Kontrolle \u00fcber das Verhalten des Browsers aus\u00fcben und ausw\u00e4hlen, ob Cookies, die entweder von der von Ihnen besuchten Website stammen (Erstanbieter-Cookies) oder von anderen Websites als der von Ihnen stammen, akzeptiert, blockiert oder angefordert werden sollen besuchen (Cookies von Drittanbietern, die normalerweise von Bannerwerbung verwendet werden, die auf der Website eines Werbetreibenden gehostet wird).<\/p><p><strong>Firefox 7.0 and newer<\/strong><br \/>Verwenden Sie den Men\u00fcpunkt 'Extras-&gt;Optionen' (m\u00f6glicherweise unter der Firefox-Schaltfl\u00e4che oder der Men\u00fcschaltfl\u00e4che 'Parallele Linien') und w\u00e4hlen Sie dann die Registerkarte 'Datenschutz'. Setzen Sie die Option 'Firefox wird:' auf 'Benutzerdefinierte Einstellungen f\u00fcr den Verlauf verwenden'. Jetzt k\u00f6nnen Sie ausw\u00e4hlen, ob Cookies f\u00fcr von Ihnen besuchte Websites und Websites von Drittanbietern aktiviert werden und wenn ja, wie lange sie bestehen bleiben. Sie k\u00f6nnen auch die Schaltfl\u00e4che 'Ausnahmen' verwenden, um die Einstellungen f\u00fcr bestimmte Websites zu \u00fcberschreiben.<\/p><p><strong>Apple iOS (iPhone, iPad)<\/strong><br \/>Tippen Sie auf dem Startbildschirm auf das Symbol 'Einstellungen' und w\u00e4hlen Sie dann 'Safari'. Suchen Sie die Option 'Cookies akzeptieren' und stellen Sie das erforderliche Cookie-Verhalten ein.<\/p><p><strong>Android browser<\/strong><br \/>Tippen Sie auf das Symbol 'Internet', um den Browser zu starten, und dr\u00fccken Sie dann die Men\u00fctaste des Telefons. W\u00e4hlen Sie aus der Liste der Optionen 'Mehr' und dann 'Einstellungen' und dann 'Datenschutz und Sicherheit'. Scrollen Sie in der resultierenden Liste nach unten und aktivieren oder deaktivieren Sie das Element 'Cookies akzeptieren'.<\/p><p><strong>Windows Phone 10<\/strong><br \/>Tippen Sie im Edge-Browser auf '\u2026' und dann auf 'Einstellungen'. Klicken Sie auf 'Erweiterte Einstellungen anzeigen' und scrollen Sie dann nach unten zum Abschnitt 'Cookies', wo Sie das erforderliche Cookie-Verhalten ausw\u00e4hlen k\u00f6nnen.<\/p><p><strong>Blackberry<\/strong><br \/>\u00d6ffnen Sie den Browser auf dem Startbildschirm, dr\u00fccken Sie dann die Men\u00fctaste und dann 'Optionen'. Unter 'Datenschutz &amp; Sicherheit' k\u00f6nnen Sie w\u00e4hlen, ob Sie 'Cookies akzeptieren' m\u00f6chten oder nicht. Dr\u00fccken Sie die Men\u00fctaste und w\u00e4hlen Sie 'Speichern', um Ihre Auswahl zu speichern.<\/p>\t\t\t\t\t\t\t\t<\/div>\n\t\t\t\t<\/div>\n\t\t\t\t\t<\/div>\n\t\t<\/div>\n\t\t\t\t\t<\/div>\n\t\t<\/section>\n\t\t\t\t<\/div>","protected":false},"excerpt":{"rendered":"<p>COOKIE POLICY Cookie Policy\u00a0Last Date Modified 02\/2019 We collect and use cookies on all the company\u2019s websites (\u201cthe Service\u201d). Our website uses cookies to distinguish you from other users of our website. This helps us to provide you with a good experience when you browse our website and also allows us to improve our site. [&hellip;]<\/p>\n","protected":false},"author":1,"featured_media":0,"parent":0,"menu_order":0,"comment_status":"closed","ping_status":"closed","template":"","meta":{"footnotes":""},"class_list":["post-2925","page","type-page","status-publish","hentry"],"aioseo_notices":[],"_links":{"self":[{"href":"https:\/\/cavomaris.com\/der\/wp-json\/wp\/v2\/pages\/2925","targetHints":{"allow":["GET"]}}],"collection":[{"href":"https:\/\/cavomaris.com\/der\/wp-json\/wp\/v2\/pages"}],"about":[{"href":"https:\/\/cavomaris.com\/der\/wp-json\/wp\/v2\/types\/page"}],"author":[{"embeddable":true,"href":"https:\/\/cavomaris.com\/der\/wp-json\/wp\/v2\/users\/1"}],"replies":[{"embeddable":true,"href":"https:\/\/cavomaris.com\/der\/wp-json\/wp\/v2\/comments?post=2925"}],"version-history":[{"count":21,"href":"https:\/\/cavomaris.com\/der\/wp-json\/wp\/v2\/pages\/2925\/revisions"}],"predecessor-version":[{"id":9285,"href":"https:\/\/cavomaris.com\/der\/wp-json\/wp\/v2\/pages\/2925\/revisions\/9285"}],"wp:attachment":[{"href":"https:\/\/cavomaris.com\/der\/wp-json\/wp\/v2\/media?parent=2925"}],"curies":[{"name":"wp","href":"https:\/\/api.w.org\/{rel}","templated":true}]}}